{"id":83,"date":"2023-01-25T22:32:13","date_gmt":"2023-01-25T21:32:13","guid":{"rendered":"https:\/\/online-kalkulator.at\/?page_id=83"},"modified":"2023-01-27T21:49:08","modified_gmt":"2023-01-27T20:49:08","slug":"anleitung","status":"publish","type":"page","link":"https:\/\/online-kalkulator.at\/index.php\/anleitung\/","title":{"rendered":"Anleitung Online-Kalkulator"},"content":{"rendered":"<div class=\"wp-block-image\">\n<figure class=\"alignright size-full is-resized\"><img loading=\"lazy\" decoding=\"async\" src=\"https:\/\/online-kalkulator.at\/wp-content\/uploads\/2023\/01\/Plakat_Online-Kalkulator_2022_11_21_klein.png\" alt=\"\" class=\"wp-image-91\" width=\"378\" height=\"535\" srcset=\"https:\/\/online-kalkulator.at\/wp-content\/uploads\/2023\/01\/Plakat_Online-Kalkulator_2022_11_21_klein.png 595w, https:\/\/online-kalkulator.at\/wp-content\/uploads\/2023\/01\/Plakat_Online-Kalkulator_2022_11_21_klein-212x300.png 212w\" sizes=\"auto, (max-width: 378px) 100vw, 378px\" \/><\/figure>\n<\/div>\n\n\n<p>Zur vereinfachten Ermittlung von Verfahrenskosten beim Einsatz land- und forstwirtschaftlicher Maschinen in Dienstleistungsunternehmen wurde der Online-Kalkulator entwickelt. Die Berechnungsgrundlagen bauen auf langj\u00e4hrigen Erfahrungen in der Beratungspraxis von Lohnunternehmen auf.<br>Sie k\u00f6nnen damit sehr einfach \u00fcber ihren eigenen PC oder mobil \u00fcber Tablet oder Handy Maschineneins\u00e4tze kalkulieren. Der freie Zugang erm\u00f6glicht eine Berechnung f\u00fcr jeden Nutzer.<br>F\u00fcr Landwirte im Rahmen einer Nebent\u00e4tigkeit liefert er ebenso wichtige Grundlagen. Achten Sie bitte bei den verwendeten Werten auf Ihre eigenen Praxiszahlen z.B. durchschnittliche Jahresaufwendungen f\u00fcr Reparaturen, Betriebskosten etc., denn die einzelbetrieblichen Kosten k\u00f6nnen stark abweichen.<br>Mit dem Online-Kalkulator wollen wir ein Arbeitswerkzeug f\u00fcr eine transparente und nachvollziehbare Berechnungsgrundlage zur Verf\u00fcgung stellen. Es geht darum mehr Bewusstsein und Klarheit f\u00fcr den Umgang mit entstehenden Kosten bei Maschineneins\u00e4tzen zu schaffen.<\/p>\n\n\n\n<h2 class=\"wp-block-heading\">Wirtschaftliche Nutzung von Maschinen erforderlich<\/h2>\n\n\n\n<p>Achten Sie in Ihrer betrieblichen Praxis auf eine wirtschaftliche Nutzung und die Deckung entstehender Kosten. Nur so k\u00f6nnen Sie als Dienstleistungsanbieter in diesem Segment \u00fcberleben. Die Begeisterung f\u00fcr Maschinen ist erfahrungsgem\u00e4\u00df gro\u00df. Mit dem Online-Kalkulator wollen wir zu mehr Aufkl\u00e4rung und Transparenz beitragen. Einzelne Werte lassen sich nach individuellen Gegebenheiten erfassen. Das Arbeitswerkzeug f\u00fchrt durch den gesamten Bereich entstehender Kosten bei der Durchf\u00fchrung von Arbeitsverfahren. Somit k\u00f6nnen Sie eine Vollkostenberechnung f\u00fcr Maschineneins\u00e4tze vornehmen.<\/p>\n\n\n\n<h2 class=\"wp-block-heading\">Gliederung in zwei Bereiche<\/h2>\n\n\n\n<p>Im ersten Teil werden die verwendeten Maschinen und erforderliche Daten erfasst. Diese erstrecken sich auf eine Grundmaschine wie Antriebfahrzeug, z.B. Traktor, Lader, Transporter, Selbstfahrende Arbeitsmaschine<br>etc. und Arbeitsger\u00e4te als Maschine 1 bzw. 2. Hier werden die fixen und variablen Maschinenkosten in Abh\u00e4ngigkeit ausgew\u00e4hlter Einsatzzeiten, Verzinsung und anderer Fixkostenbestandteile und den laufender Betriebsaufwendungen ermittelt.<br>Zur Erfassung m\u00fcssen Sie die gew\u00e4hlten Maschinen auf aktiv stellen. Im zweiten Teil erfolgt die Berechnung der Gesamtkosten von Arbeitsverfahren, wo zu den ermittelten Maschinenkosten die Personal-, Organisations-, Auftrags- und Unternehmenskosten, Nebenkosten f\u00fcr Anfahrten und andere Nebenzeiten und Unternehmenswagnisse hinzugerechnet werden. Somit ergibt sich ein Gesamtergebnis f\u00fcr die Kosten des Arbeitsverfahrens je Stunden, das in der Folge auf Leistungseinheiten z.B. je Hektar, je St\u00fcck, je Laufmeter, je Festmeter etc. umgerechnet werden kann. Die ermittelten Werte sind unverbindlich und der Anbieter \u00fcbernimmt f\u00fcr die Berechnung keinerlei Haftung.<\/p>\n\n\n\n<h2 class=\"wp-block-heading\">Hinweise zur Datenerfassung<\/h2>\n\n\n\n<p>Erfasst werden die Grundmaschine, Maschine 1 und Maschine 2 als Arbeitsger\u00e4te.<br>Achten Sie bitte bei einer alternativen Verwendung von Maschine 1: z.B. Getreideschneidwerk und Maschine 2: z.B. Maispfl\u00fccker, dass die beiden Arbeitsger\u00e4te nicht summiert, sondern durch Aktiv und Inaktiv-Stellung jeweils getrennt dem betreffenden Arbeitsverfahren zugeordnet werden. F\u00fcr die Grundmaschine ist die jeweilige Gesamtauslastung einzusetzen, die Betriebskosten z.B. Dieselaufwand k\u00f6nnen bei den einzelnen Arbeitsverfahren abweichen.<br>Die Betriebskosten k\u00f6nnen Sie nach Prozentwerten z.B. in Abh\u00e4ngigkeit der Anschaffungskosten oder nach j\u00e4hrlichen Betr\u00e4gen berechnen. Gleichen Sie die ermittelten Betr\u00e4ge mit Ihren Erfahrungen f\u00fcr die Stundenkosten ab. Damit kommen Sie bei der Berechnung m\u00f6glichst nah an die Praxiszahlen.<br>Ermittelte Maschinenkosten ergeben noch kein Arbeitsverfahren!<br>In der Praxis sind die Ergebnisse f\u00fcr berechnete Maschinenkosten sehr tr\u00fcgerisch! Ihnen fehlen wichtige Elemente, wie die Kosten f\u00fcr Fahrer, die gesamten Vor- und Nachbereitungen, der notwendige Organisationsaufwand und Unternehmenskosten, der B\u00fcrobetrieb, die Arbeitszeit f\u00fcr den Unternehmer, Zahlungsausf\u00e4lle oder Rechnungsk\u00fcrzungen, Anfahrten zum Kunden und unternehmerische Wagnisse. Diese Aufwendungen werden im zweiten Teil der Berechnung erfasst. Wer daf\u00fcr keine Aufwendungen ber\u00fccksichtigt, f\u00e4hrt fix umsonst und legt bei Maschineneins\u00e4tzen kr\u00e4ftig dazu.<br>Erfahrungsgem\u00e4\u00df d\u00fcrfen die Maschinenkosten, gemessen zu den Gesamtkosten f\u00fcr das Arbeitsverfahren maximal 65 bis 75 % betragen. Als Zielwert sind bei gro\u00dfen Maschinen 70 % f\u00fcr Maschinenkosten anzustellen. Der untere Wert gilt f\u00fcr Arbeitsverfahren mit Traktoren im Bereich von 200\u2013250 PS, der obere Wert gilt f\u00fcr Eins\u00e4tze mit gro\u00dfen selbstfahrenden Maschinen wie M\u00e4hdrescher, Hacker, Forstharvester etc. Dies wird in der Praxis oft missachtet.<\/p>\n\n\n\n<h2 class=\"wp-block-heading\">Orientierungswerte f\u00fcr Betriebskosten<\/h2>\n\n\n\n<p>Zur Orientierung k\u00f6nnen folgende Kosten als plausibel beurteilt werden:<\/p>\n\n\n\n<ul class=\"wp-block-list\">\n<li>Abschreibungen: Diese ermitteln sich auf Basis von Anschaffungs- und Restwert und werden linear auf die Nutzungsdauer verteilt.<\/li>\n\n\n\n<li>Zinskosten: Die Berechnung erfolgt nach dem durchschnittlich gebundenen Kapital im Zeitraum der Nutzung (mittlerer Wert).<\/li>\n\n\n\n<li>Unterbringung, Versicherung, Geb\u00fchren, Miet-\/Leasingkosten: Diese k\u00f6nnen Sie nach Prozentwerten auf Basis der Anschaffung oder nach Jahreskosten berechnen. Setzen Sie die Praxiswerte an. Bei der Unterbringung empfehlen wir die Stellplatzkosten f\u00fcr die ben\u00f6tigte Fl\u00e4che z.B. 2,5 Euro\/m\u00b2 und Monat in einer Maschinenhalle heranzuziehen.<\/li>\n\n\n\n<li>Dieselaufwand: Dieser gestaltet sich nach der Art der T\u00e4tigkeit. Als Praktikerformel hat sich die PS-Zahl durch 10 bei leichter bis mittlerer Belastung etabliert. Bei schwerer Belastung kann mit der PS-Zahl durch 10 x 1,5 und bei sehr schwerer Belastung x 2 gerechnet werden.<\/li>\n\n\n\n<li>Reparaturen: Bei den Reparaturen sind der Reifenverschlei\u00df, t\u00e4gliche Kontroll- und Wartungsarbeiten inkl. ben\u00f6tigter Materialien zu ber\u00fccksichtigen. F\u00fcr Traktoren k\u00f6nnen bei der Nutzung von Neumaschinen als Praxiswerte 6\u20139 Euro\/Stunde, bei Gebrauchtmaschinen 8\u2013<br>14 Euro\/Stunde und 100 PS Motorleistung angesetzt werden. Wer viel auf der Stra\u00dfe unterwegs ist, z.B. Transportarbeiten durchf\u00fchrt, muss einen Zuschlag f\u00fcr erh\u00f6hten Reifenverschlei\u00df ber\u00fccksichtigen. Der Reifenverschlei\u00df betr\u00e4gt bspw. an einem 200 PS-Traktor je Stunde Stra\u00dfenfahrt zwischen 4,5\u20136 Euro. Die Reparaturkosten an Ger\u00e4ten oder Anh\u00e4ngerfahrzeugen k\u00f6nnen in Abh\u00e4ngigkeit der Verschlei\u00dfintensit\u00e4t bei geringem Verschlei\u00df mit 2\u20134 % vom Neuwert je 100 Std., bei mittlerem Verschlei\u00df mit 4\u20137 % und bei hohem Verschlei\u00df mit 8\u201315 % angesetzt werden. Bei erh\u00f6hten Stra\u00dfenfahrten sind Zuschl\u00e4ge f\u00fcr Reifen- und Bremsenabnutzung vorzunehmen.<\/li>\n\n\n\n<li>Verbrauchsstoffe: F\u00fcr Folien, Schn\u00fcre oder andere Verbrauchsstoffe bitten wir den durchschnittlichen Bedarf je Stunde im Feld \u201eSonstige Kosten\u201c und den Verbrauch je Stunde mit der Bedarfsmenge einzutragen.<\/li>\n<\/ul>\n\n\n\n<h2 class=\"wp-block-heading\">Personalkosten, Organisations-\/Auftrags-\/Unternehmenskosten<\/h2>\n\n\n\n<p>Bei den Personalkosten setzen Sie bitte den Aufwand f\u00fcr das Fahrerpersonal je produktiver Arbeitsstunde ein. Nebenzeiten m\u00fcssen in produktive Arbeitszeit umgelegt werden. In Lohnunternehmen sind die Fahrerkosten mit mind. 32 Euro je Stunde zu kalkulieren. Im Rahmen der Landwirtschaft empfehlen wir die Fahrers\u00e4tze mit 14\u201318 Euro je Stunde zu verwenden.<br>Zur Abdeckung der Organisations-, Auftrags- und Unternehmensaufwendungen werden als Gesch\u00e4ftskosten sogenannte Gemeinkostenzuschl\u00e4ge angesetzt, die in Lohnunternehmen mit mind. 12, in b\u00e4uerlichen Betrieben mit mind. 7 Prozent zu veranschlagen sind.<br>F\u00fcr nicht verrechenbare Zeiten z.B. Anfahrten, R\u00fcst- und St\u00f6rzeiten k\u00f6nnen f\u00fcr den entstandenen Aufwand an der Grundmaschine und dem Personal Zuschl\u00e4ge berechnet werden. Die umgelegten Zuschl\u00e4ge decken die Organisations- und Unternehmenskosten.<\/p>\n\n\n\n<h2 class=\"wp-block-heading\">Unternehmenswagnisse<\/h2>\n\n\n\n<p>Abschlie\u00dfend finden Wagnisse f\u00fcr Gew\u00e4hrleistung, Sch\u00e4den, Zahlungsausf\u00e4lle oder andere Risiken in dieser Position eine Ber\u00fccksichtigung. Hier k\u00f6nnen Sie auch Gewinnaufschl\u00e4ge f\u00fcr das Unternehmen ber\u00fccksichtigen.<\/p>\n\n\n\n<h2 class=\"wp-block-heading\">Gesamtkosten f\u00fcr Arbeitsverfahren<\/h2>\n\n\n\n<figure class=\"wp-block-image size-large\"><img loading=\"lazy\" decoding=\"async\" width=\"1024\" height=\"719\" src=\"https:\/\/online-kalkulator.at\/wp-content\/uploads\/2023\/01\/Online-Kalkulator_Harvester_Zuschnitt_01_DSC_0637-Gross-1024x719.jpg\" alt=\"\" class=\"wp-image-95\" srcset=\"https:\/\/online-kalkulator.at\/wp-content\/uploads\/2023\/01\/Online-Kalkulator_Harvester_Zuschnitt_01_DSC_0637-Gross-1024x719.jpg 1024w, https:\/\/online-kalkulator.at\/wp-content\/uploads\/2023\/01\/Online-Kalkulator_Harvester_Zuschnitt_01_DSC_0637-Gross-300x211.jpg 300w, https:\/\/online-kalkulator.at\/wp-content\/uploads\/2023\/01\/Online-Kalkulator_Harvester_Zuschnitt_01_DSC_0637-Gross-768x539.jpg 768w, https:\/\/online-kalkulator.at\/wp-content\/uploads\/2023\/01\/Online-Kalkulator_Harvester_Zuschnitt_01_DSC_0637-Gross-1536x1078.jpg 1536w, https:\/\/online-kalkulator.at\/wp-content\/uploads\/2023\/01\/Online-Kalkulator_Harvester_Zuschnitt_01_DSC_0637-Gross.jpg 1539w\" sizes=\"auto, (max-width: 1024px) 100vw, 1024px\" \/><\/figure>\n\n\n\n<p>Das Ergebnis flie\u00dft in die Gesamtkosten f\u00fcr das Arbeitsverfahren ein, wo Werte nach Stunde hervorgehen. Diese k\u00f6nnen Sie durch die Eingabe von Leistungseinheiten z.B. Hektar, St\u00fcck, Festmeter etc. auf Leistungskosten umlegen.<br>Auf Basis von ermittelten Verfahrenskosten empfehlen wir die Auswahl der bevorzugten Preisstrategie in Ihrem Unternehmen. Diese kann einen Stundenpreis, Leistungspreis, Kombipreis (zusammengesetzt aus einem Leistungsteil und Stundenteil), Staffelpreis nach Leistungseinheiten oder einen zusammengesetzten Preis z.B. mit Verrechnung des ben\u00f6tigten Diesels, Verrechnung von Anfahrten etc. enthalten. Versuchen Sie eine f\u00fcr den Kunden gut nachvollziehbare Preisstrategie zu w\u00e4hlen.<\/p>\n","protected":false},"excerpt":{"rendered":"<p>Zur vereinfachten Ermittlung von Verfahrenskosten beim Einsatz land- und forstwirtschaftlicher Maschinen in Dienstleistungsunternehmen wurde der Online-Kalkulator entwickelt. Die Berechnungsgrundlagen bauen auf langj\u00e4hrigen Erfahrungen in der Beratungspraxis von Lohnunternehmen auf.Sie k\u00f6nnen damit sehr einfach \u00fcber ihren eigenen PC oder mobil \u00fcber Tablet oder Handy Maschineneins\u00e4tze kalkulieren. Der freie Zugang erm\u00f6glicht eine Berechnung f\u00fcr jeden Nutzer.F\u00fcr Landwirte &hellip; <\/p>\n<p class=\"link-more\"><a href=\"https:\/\/online-kalkulator.at\/index.php\/anleitung\/\" class=\"more-link\">Read more<span class=\"screen-reader-text\"> &#8222;Anleitung Online-Kalkulator&#8220;<\/span><\/a><\/p>\n","protected":false},"author":1,"featured_media":91,"parent":0,"menu_order":0,"comment_status":"closed","ping_status":"closed","template":"","meta":{"footnotes":""},"class_list":["post-83","page","type-page","status-publish","has-post-thumbnail","hentry"],"yoast_head":"<!-- This site is optimized with the Yoast SEO plugin v27.4 - https:\/\/yoast.com\/product\/yoast-seo-wordpress\/ -->\n<title>Anleitung Online-Kalkulator - Online-Kalkulator<\/title>\n<meta name=\"description\" content=\"Anleitung zum Online-Kalkulator - Unterst\u00fctzung zur Berechnung von Arbeitsverfahren bei Maschineneins\u00e4tzen - Maschinenkosten - Hilfe\" \/>\n<meta name=\"robots\" content=\"index, follow, max-snippet:-1, max-image-preview:large, max-video-preview:-1\" \/>\n<link rel=\"canonical\" href=\"https:\/\/online-kalkulator.at\/index.php\/anleitung\/\" \/>\n<meta property=\"og:locale\" content=\"de_DE\" \/>\n<meta property=\"og:type\" content=\"article\" \/>\n<meta property=\"og:title\" content=\"Anleitung Online-Kalkulator - Online-Kalkulator\" \/>\n<meta property=\"og:description\" content=\"Anleitung zum Online-Kalkulator - Unterst\u00fctzung zur Berechnung von Arbeitsverfahren bei Maschineneins\u00e4tzen - Maschinenkosten - Hilfe\" \/>\n<meta property=\"og:url\" content=\"https:\/\/online-kalkulator.at\/index.php\/anleitung\/\" \/>\n<meta property=\"og:site_name\" content=\"Online-Kalkulator\" \/>\n<meta property=\"article:modified_time\" content=\"2023-01-27T20:49:08+00:00\" \/>\n<meta property=\"og:image\" content=\"https:\/\/online-kalkulator.at\/wp-content\/uploads\/2023\/01\/Plakat_Online-Kalkulator_2022_11_21_klein.png\" \/>\n\t<meta property=\"og:image:width\" content=\"595\" \/>\n\t<meta property=\"og:image:height\" content=\"842\" \/>\n\t<meta property=\"og:image:type\" content=\"image\/png\" \/>\n<meta name=\"twitter:card\" content=\"summary_large_image\" \/>\n<meta name=\"twitter:label1\" content=\"Gesch\u00e4tzte Lesezeit\" \/>\n\t<meta name=\"twitter:data1\" content=\"7 Minuten\" \/>\n<script type=\"application\/ld+json\" class=\"yoast-schema-graph\">{\"@context\":\"https:\\\/\\\/schema.org\",\"@graph\":[{\"@type\":\"WebPage\",\"@id\":\"https:\\\/\\\/online-kalkulator.at\\\/index.php\\\/anleitung\\\/\",\"url\":\"https:\\\/\\\/online-kalkulator.at\\\/index.php\\\/anleitung\\\/\",\"name\":\"Anleitung Online-Kalkulator - Online-Kalkulator\",\"isPartOf\":{\"@id\":\"https:\\\/\\\/online-kalkulator.at\\\/#website\"},\"primaryImageOfPage\":{\"@id\":\"https:\\\/\\\/online-kalkulator.at\\\/index.php\\\/anleitung\\\/#primaryimage\"},\"image\":{\"@id\":\"https:\\\/\\\/online-kalkulator.at\\\/index.php\\\/anleitung\\\/#primaryimage\"},\"thumbnailUrl\":\"https:\\\/\\\/online-kalkulator.at\\\/wp-content\\\/uploads\\\/2023\\\/01\\\/Plakat_Online-Kalkulator_2022_11_21_klein.png\",\"datePublished\":\"2023-01-25T21:32:13+00:00\",\"dateModified\":\"2023-01-27T20:49:08+00:00\",\"description\":\"Anleitung zum Online-Kalkulator - Unterst\u00fctzung zur Berechnung von Arbeitsverfahren bei Maschineneins\u00e4tzen - Maschinenkosten - Hilfe\",\"breadcrumb\":{\"@id\":\"https:\\\/\\\/online-kalkulator.at\\\/index.php\\\/anleitung\\\/#breadcrumb\"},\"inLanguage\":\"de-AT\",\"potentialAction\":[{\"@type\":\"ReadAction\",\"target\":[\"https:\\\/\\\/online-kalkulator.at\\\/index.php\\\/anleitung\\\/\"]}]},{\"@type\":\"ImageObject\",\"inLanguage\":\"de-AT\",\"@id\":\"https:\\\/\\\/online-kalkulator.at\\\/index.php\\\/anleitung\\\/#primaryimage\",\"url\":\"https:\\\/\\\/online-kalkulator.at\\\/wp-content\\\/uploads\\\/2023\\\/01\\\/Plakat_Online-Kalkulator_2022_11_21_klein.png\",\"contentUrl\":\"https:\\\/\\\/online-kalkulator.at\\\/wp-content\\\/uploads\\\/2023\\\/01\\\/Plakat_Online-Kalkulator_2022_11_21_klein.png\",\"width\":595,\"height\":842,\"caption\":\"Online-Kalkulator\"},{\"@type\":\"BreadcrumbList\",\"@id\":\"https:\\\/\\\/online-kalkulator.at\\\/index.php\\\/anleitung\\\/#breadcrumb\",\"itemListElement\":[{\"@type\":\"ListItem\",\"position\":1,\"name\":\"Startseite\",\"item\":\"https:\\\/\\\/online-kalkulator.at\\\/\"},{\"@type\":\"ListItem\",\"position\":2,\"name\":\"Anleitung Online-Kalkulator\"}]},{\"@type\":\"WebSite\",\"@id\":\"https:\\\/\\\/online-kalkulator.at\\\/#website\",\"url\":\"https:\\\/\\\/online-kalkulator.at\\\/\",\"name\":\"Online-Kalkulator\",\"description\":\"Maschineneinsatz\",\"alternateName\":\"Maschinenkosten\",\"potentialAction\":[{\"@type\":\"SearchAction\",\"target\":{\"@type\":\"EntryPoint\",\"urlTemplate\":\"https:\\\/\\\/online-kalkulator.at\\\/?s={search_term_string}\"},\"query-input\":{\"@type\":\"PropertyValueSpecification\",\"valueRequired\":true,\"valueName\":\"search_term_string\"}}],\"inLanguage\":\"de-AT\"}]}<\/script>\n<!-- \/ Yoast SEO plugin. -->","yoast_head_json":{"title":"Anleitung Online-Kalkulator - Online-Kalkulator","description":"Anleitung zum Online-Kalkulator - Unterst\u00fctzung zur Berechnung von Arbeitsverfahren bei Maschineneins\u00e4tzen - Maschinenkosten - Hilfe","robots":{"index":"index","follow":"follow","max-snippet":"max-snippet:-1","max-image-preview":"max-image-preview:large","max-video-preview":"max-video-preview:-1"},"canonical":"https:\/\/online-kalkulator.at\/index.php\/anleitung\/","og_locale":"de_DE","og_type":"article","og_title":"Anleitung Online-Kalkulator - Online-Kalkulator","og_description":"Anleitung zum Online-Kalkulator - Unterst\u00fctzung zur Berechnung von Arbeitsverfahren bei Maschineneins\u00e4tzen - Maschinenkosten - Hilfe","og_url":"https:\/\/online-kalkulator.at\/index.php\/anleitung\/","og_site_name":"Online-Kalkulator","article_modified_time":"2023-01-27T20:49:08+00:00","og_image":[{"width":595,"height":842,"url":"https:\/\/online-kalkulator.at\/wp-content\/uploads\/2023\/01\/Plakat_Online-Kalkulator_2022_11_21_klein.png","type":"image\/png"}],"twitter_card":"summary_large_image","twitter_misc":{"Gesch\u00e4tzte Lesezeit":"7 Minuten"},"schema":{"@context":"https:\/\/schema.org","@graph":[{"@type":"WebPage","@id":"https:\/\/online-kalkulator.at\/index.php\/anleitung\/","url":"https:\/\/online-kalkulator.at\/index.php\/anleitung\/","name":"Anleitung Online-Kalkulator - Online-Kalkulator","isPartOf":{"@id":"https:\/\/online-kalkulator.at\/#website"},"primaryImageOfPage":{"@id":"https:\/\/online-kalkulator.at\/index.php\/anleitung\/#primaryimage"},"image":{"@id":"https:\/\/online-kalkulator.at\/index.php\/anleitung\/#primaryimage"},"thumbnailUrl":"https:\/\/online-kalkulator.at\/wp-content\/uploads\/2023\/01\/Plakat_Online-Kalkulator_2022_11_21_klein.png","datePublished":"2023-01-25T21:32:13+00:00","dateModified":"2023-01-27T20:49:08+00:00","description":"Anleitung zum Online-Kalkulator - Unterst\u00fctzung zur Berechnung von Arbeitsverfahren bei Maschineneins\u00e4tzen - Maschinenkosten - Hilfe","breadcrumb":{"@id":"https:\/\/online-kalkulator.at\/index.php\/anleitung\/#breadcrumb"},"inLanguage":"de-AT","potentialAction":[{"@type":"ReadAction","target":["https:\/\/online-kalkulator.at\/index.php\/anleitung\/"]}]},{"@type":"ImageObject","inLanguage":"de-AT","@id":"https:\/\/online-kalkulator.at\/index.php\/anleitung\/#primaryimage","url":"https:\/\/online-kalkulator.at\/wp-content\/uploads\/2023\/01\/Plakat_Online-Kalkulator_2022_11_21_klein.png","contentUrl":"https:\/\/online-kalkulator.at\/wp-content\/uploads\/2023\/01\/Plakat_Online-Kalkulator_2022_11_21_klein.png","width":595,"height":842,"caption":"Online-Kalkulator"},{"@type":"BreadcrumbList","@id":"https:\/\/online-kalkulator.at\/index.php\/anleitung\/#breadcrumb","itemListElement":[{"@type":"ListItem","position":1,"name":"Startseite","item":"https:\/\/online-kalkulator.at\/"},{"@type":"ListItem","position":2,"name":"Anleitung Online-Kalkulator"}]},{"@type":"WebSite","@id":"https:\/\/online-kalkulator.at\/#website","url":"https:\/\/online-kalkulator.at\/","name":"Online-Kalkulator","description":"Maschineneinsatz","alternateName":"Maschinenkosten","potentialAction":[{"@type":"SearchAction","target":{"@type":"EntryPoint","urlTemplate":"https:\/\/online-kalkulator.at\/?s={search_term_string}"},"query-input":{"@type":"PropertyValueSpecification","valueRequired":true,"valueName":"search_term_string"}}],"inLanguage":"de-AT"}]}},"_links":{"self":[{"href":"https:\/\/online-kalkulator.at\/index.php\/wp-json\/wp\/v2\/pages\/83","targetHints":{"allow":["GET"]}}],"collection":[{"href":"https:\/\/online-kalkulator.at\/index.php\/wp-json\/wp\/v2\/pages"}],"about":[{"href":"https:\/\/online-kalkulator.at\/index.php\/wp-json\/wp\/v2\/types\/page"}],"author":[{"embeddable":true,"href":"https:\/\/online-kalkulator.at\/index.php\/wp-json\/wp\/v2\/users\/1"}],"replies":[{"embeddable":true,"href":"https:\/\/online-kalkulator.at\/index.php\/wp-json\/wp\/v2\/comments?post=83"}],"version-history":[{"count":8,"href":"https:\/\/online-kalkulator.at\/index.php\/wp-json\/wp\/v2\/pages\/83\/revisions"}],"predecessor-version":[{"id":101,"href":"https:\/\/online-kalkulator.at\/index.php\/wp-json\/wp\/v2\/pages\/83\/revisions\/101"}],"wp:featuredmedia":[{"embeddable":true,"href":"https:\/\/online-kalkulator.at\/index.php\/wp-json\/wp\/v2\/media\/91"}],"wp:attachment":[{"href":"https:\/\/online-kalkulator.at\/index.php\/wp-json\/wp\/v2\/media?parent=83"}],"curies":[{"name":"wp","href":"https:\/\/api.w.org\/{rel}","templated":true}]}}